{"id":1433,"date":"2024-07-01T20:13:07","date_gmt":"2024-07-01T20:13:07","guid":{"rendered":"https:\/\/phaterxon.com\/?post_type=product&#038;p=1433"},"modified":"2024-07-12T01:26:45","modified_gmt":"2024-07-12T01:26:45","slug":"protector-solar","status":"publish","type":"product","link":"https:\/\/phaterxon.com\/en\/producto\/protector-solar\/","title":{"rendered":"Protector Solar"},"content":{"rendered":"\t\t<div data-elementor-type=\"product-post\" data-elementor-id=\"1433\" class=\"elementor elementor-1433\" data-elementor-post-type=\"product\">\n\t\t\t\t<div class=\"elementor-element elementor-element-e9cee36 e-flex e-con-boxed e-con e-parent\" data-id=\"e9cee36\" data-element_type=\"container\" data-settings=\"{&quot;background_background&quot;:&quot;classic&quot;}\">\n\t\t\t\t\t<div class=\"e-con-inner\">\n\t\t<div class=\"elementor-element elementor-element-e6d5b30 e-con-full e-flex e-con e-child\" data-id=\"e6d5b30\" data-element_type=\"container\">\n\t\t\t\t<div class=\"elementor-element elementor-element-24bdcc5 elementor-widget elementor-widget-elementskit-creative-button\" data-id=\"24bdcc5\" data-element_type=\"widget\" data-settings=\"{&quot;ekit_we_effect_on&quot;:&quot;none&quot;}\" data-widget_type=\"elementskit-creative-button.default\">\n\t\t\t\t<div class=\"elementor-widget-container\">\n\t\t\t<div class=\"ekit-wid-con\" >\t\t<div class=\"ekit-btn-wraper\">\n\t\t\t\t\t\t\t\t<a href=\"\/productos\" class=\"ekit_creative_button \" id=\"\" data-text=\"\">\n\n\t\t\t\t\t\t\t\t\t\t\t\t\t<i aria-hidden=\"true\" class=\"ekit_creative_button_icon_before icon icon-left-arrow\"><\/i>\t\t\t\t\t\t\n\t\t\t\t\t\t<span class=\"ekit_creative_button_text\">Regresar<\/span>\n\n\t\t\t\t\t\t\n\t\t\t\t\t\t\t\t\t\t\t<\/a>\n\t\t\t\t\t\t<\/div>\n        <\/div>\t\t<\/div>\n\t\t\t\t<\/div>\n\t\t\t\t<\/div>\n\t\t\t\t\t<\/div>\n\t\t\t\t<\/div>\n\t\t<div class=\"elementor-element elementor-element-66da433c e-flex e-con-boxed e-con e-parent\" data-id=\"66da433c\" data-element_type=\"container\">\n\t\t\t\t\t<div class=\"e-con-inner\">\n\t\t<div class=\"elementor-element elementor-element-4f1780bd e-con-full e-flex e-con e-child\" data-id=\"4f1780bd\" data-element_type=\"container\">\n\t\t\t\t<div class=\"elementor-element elementor-element-199cf27f elementor-widget elementor-widget-image\" data-id=\"199cf27f\" data-element_type=\"widget\" data-settings=\"{&quot;ekit_we_effect_on&quot;:&quot;none&quot;}\" data-widget_type=\"image.default\">\n\t\t\t\t<div class=\"elementor-widget-container\">\n\t\t\t<style>\/*! elementor - v3.23.0 - 25-07-2024 *\/\n.elementor-widget-image{text-align:center}.elementor-widget-image a{display:inline-block}.elementor-widget-image a img[src$=\".svg\"]{width:48px}.elementor-widget-image img{vertical-align:middle;display:inline-block}<\/style>\t\t\t\t\t\t\t\t\t\t<img fetchpriority=\"high\" decoding=\"async\" width=\"400\" height=\"400\" src=\"https:\/\/phaterxon.com\/wp-content\/uploads\/2024\/07\/07.png\" class=\"attachment-2048x2048 size-2048x2048 wp-image-1434\" alt=\"\" srcset=\"https:\/\/phaterxon.com\/wp-content\/uploads\/2024\/07\/07.png 400w, https:\/\/phaterxon.com\/wp-content\/uploads\/2024\/07\/07-300x300.png 300w, https:\/\/phaterxon.com\/wp-content\/uploads\/2024\/07\/07-150x150.png 150w, https:\/\/phaterxon.com\/wp-content\/uploads\/2024\/07\/07-75x75.png 75w\" sizes=\"(max-width:767px) 400px, 400px\" \/>\t\t\t\t\t\t\t\t\t\t\t\t\t<\/div>\n\t\t\t\t<\/div>\n\t\t\t\t<\/div>\n\t\t<div class=\"elementor-element elementor-element-71b2fd8 e-con-full e-flex e-con e-child\" data-id=\"71b2fd8\" data-element_type=\"container\">\n\t\t\t\t<\/div>\n\t\t<div class=\"elementor-element elementor-element-217a4652 e-con-full e-flex e-con e-child\" data-id=\"217a4652\" data-element_type=\"container\">\n\t\t\t\t<div class=\"elementor-element elementor-element-4177a2ce elementor-widget elementor-widget-heading\" data-id=\"4177a2ce\" data-element_type=\"widget\" data-settings=\"{&quot;ekit_we_effect_on&quot;:&quot;none&quot;}\" data-widget_type=\"heading.default\">\n\t\t\t\t<div class=\"elementor-widget-container\">\n\t\t\t<style>\/*! elementor - v3.23.0 - 25-07-2024 *\/\n.elementor-heading-title{padding:0;margin:0;line-height:1}.elementor-widget-heading .elementor-heading-title[class*=elementor-size-]>a{color:inherit;font-size:inherit;line-height:inherit}.elementor-widget-heading .elementor-heading-title.elementor-size-small{font-size:15px}.elementor-widget-heading .elementor-heading-title.elementor-size-medium{font-size:19px}.elementor-widget-heading .elementor-heading-title.elementor-size-large{font-size:29px}.elementor-widget-heading .elementor-heading-title.elementor-size-xl{font-size:39px}.elementor-widget-heading .elementor-heading-title.elementor-size-xxl{font-size:59px}<\/style><h2 class=\"elementor-heading-title elementor-size-default\">Protector Solar<\/h2>\t\t<\/div>\n\t\t\t\t<\/div>\n\t\t\t\t<div class=\"elementor-element elementor-element-3489c310 elementor-widget elementor-widget-text-editor\" data-id=\"3489c310\" data-element_type=\"widget\" data-settings=\"{&quot;ekit_we_effect_on&quot;:&quot;none&quot;}\" data-widget_type=\"text-editor.default\">\n\t\t\t\t<div class=\"elementor-widget-container\">\n\t\t\t<style>\/*! elementor - v3.23.0 - 25-07-2024 *\/\n.elementor-widget-text-editor.elementor-drop-cap-view-stacked .elementor-drop-cap{background-color:#69727d;color:#fff}.elementor-widget-text-editor.elementor-drop-cap-view-framed .elementor-drop-cap{color:#69727d;border:3px solid;background-color:transparent}.elementor-widget-text-editor:not(.elementor-drop-cap-view-default) .elementor-drop-cap{margin-top:8px}.elementor-widget-text-editor:not(.elementor-drop-cap-view-default) .elementor-drop-cap-letter{width:1em;height:1em}.elementor-widget-text-editor .elementor-drop-cap{float:left;text-align:center;line-height:1;font-size:50px}.elementor-widget-text-editor .elementor-drop-cap-letter{display:inline-block}<\/style>\t\t\t\t<p>El Protector solar SPF 50 ideal para hidratar la piel y protegerla de los da\u00f1os causados por los rayos solares, su f\u00f3rmula con vitamina E previene el envejecimiento prematuro de la piel, la combinaci\u00f3n de los filtros solares act\u00faa como una barrera protectora ante los rayos UV que producen las quemaduras solares.<\/p>\t\t\t\t\t\t<\/div>\n\t\t\t\t<\/div>\n\t\t\t\t<\/div>\n\t\t\t\t\t<\/div>\n\t\t\t\t<\/div>\n\t\t<div class=\"elementor-element elementor-element-5598cf7 e-flex e-con-boxed e-con e-parent\" data-id=\"5598cf7\" data-element_type=\"container\">\n\t\t\t\t\t<div class=\"e-con-inner\">\n\t\t<div class=\"elementor-element elementor-element-6bf4e01 e-con-full e-flex e-con e-child\" data-id=\"6bf4e01\" data-element_type=\"container\">\n\t\t\t\t<div class=\"elementor-element elementor-element-f3541b9 elementor-widget elementor-widget-heading\" data-id=\"f3541b9\" data-element_type=\"widget\" data-settings=\"{&quot;ekit_we_effect_on&quot;:&quot;none&quot;}\" data-widget_type=\"heading.default\">\n\t\t\t\t<div class=\"elementor-widget-container\">\n\t\t\t<h3 class=\"elementor-heading-title elementor-size-default\">Indicaciones<\/h3>\t\t<\/div>\n\t\t\t\t<\/div>\n\t\t\t\t<div class=\"elementor-element elementor-element-0e931b2 elementor-widget elementor-widget-text-editor\" data-id=\"0e931b2\" data-element_type=\"widget\" data-settings=\"{&quot;ekit_we_effect_on&quot;:&quot;none&quot;}\" data-widget_type=\"text-editor.default\">\n\t\t\t\t<div class=\"elementor-widget-container\">\n\t\t\t\t\t\t\t<p>Aplicar sobre la piel dos veces al d\u00eda o m\u00e1s seg\u00fan necesidad, en caso de contacto con el agua o sudoraci\u00f3n excesiva, aplique nuevamente.<\/p>\t\t\t\t\t\t<\/div>\n\t\t\t\t<\/div>\n\t\t\t\t<div class=\"elementor-element elementor-element-2a770fa elementor-widget elementor-widget-heading\" data-id=\"2a770fa\" data-element_type=\"widget\" data-settings=\"{&quot;ekit_we_effect_on&quot;:&quot;none&quot;}\" data-widget_type=\"heading.default\">\n\t\t\t\t<div class=\"elementor-widget-container\">\n\t\t\t<h4 class=\"elementor-heading-title elementor-size-default\">Marca<\/h4>\t\t<\/div>\n\t\t\t\t<\/div>\n\t\t\t\t<div class=\"elementor-element elementor-element-48c004d elementor-widget elementor-widget-text-editor\" data-id=\"48c004d\" data-element_type=\"widget\" data-settings=\"{&quot;ekit_we_effect_on&quot;:&quot;none&quot;}\" data-widget_type=\"text-editor.default\">\n\t\t\t\t<div class=\"elementor-widget-container\">\n\t\t\t\t\t\t\t<p>PHARMA DREAM<\/p>\t\t\t\t\t\t<\/div>\n\t\t\t\t<\/div>\n\t\t\t\t<\/div>\n\t\t<div class=\"elementor-element elementor-element-0d90c6d e-con-full e-flex e-con e-child\" data-id=\"0d90c6d\" data-element_type=\"container\">\n\t\t\t\t<\/div>\n\t\t<div class=\"elementor-element elementor-element-bdc32df e-con-full e-flex e-con e-child\" data-id=\"bdc32df\" data-element_type=\"container\">\n\t\t\t\t<div class=\"elementor-element elementor-element-1df9ed5 elementor-widget elementor-widget-heading\" data-id=\"1df9ed5\" data-element_type=\"widget\" data-settings=\"{&quot;ekit_we_effect_on&quot;:&quot;none&quot;}\" data-widget_type=\"heading.default\">\n\t\t\t\t<div class=\"elementor-widget-container\">\n\t\t\t<h3 class=\"elementor-heading-title elementor-size-default\">Advertencia<\/h3>\t\t<\/div>\n\t\t\t\t<\/div>\n\t\t\t\t<div class=\"elementor-element elementor-element-b25d122 elementor-widget elementor-widget-text-editor\" data-id=\"b25d122\" data-element_type=\"widget\" data-settings=\"{&quot;ekit_we_effect_on&quot;:&quot;none&quot;}\" data-widget_type=\"text-editor.default\">\n\t\t\t\t<div class=\"elementor-widget-container\">\n\t\t\t\t\t\t\t<p>Este producto es solo para uso externo. Si usted presenta irritaci\u00f3n o alergia, por favor suspenda su uso y consulta tu m\u00e9dico. El aceite de CBD de espectro completo est\u00e1 hecho de plantas de c\u00e1\u00f1amo enteras, por lo que hiciste el riesgo de transferir Polen a las f\u00f3rmulas de CBD, por esta raz\u00f3n, no se recomienda el uso de productos, personas al\u00e9rgicas al polen.<\/p>\t\t\t\t\t\t<\/div>\n\t\t\t\t<\/div>\n\t\t\t\t<div class=\"elementor-element elementor-element-955c767 elementor-widget elementor-widget-heading\" data-id=\"955c767\" data-element_type=\"widget\" data-settings=\"{&quot;ekit_we_effect_on&quot;:&quot;none&quot;}\" data-widget_type=\"heading.default\">\n\t\t\t\t<div class=\"elementor-widget-container\">\n\t\t\t<h4 class=\"elementor-heading-title elementor-size-default\">Presentaci\u00f3n<\/h4>\t\t<\/div>\n\t\t\t\t<\/div>\n\t\t\t\t<div class=\"elementor-element elementor-element-106d186 elementor-widget elementor-widget-text-editor\" data-id=\"106d186\" data-element_type=\"widget\" data-settings=\"{&quot;ekit_we_effect_on&quot;:&quot;none&quot;}\" data-widget_type=\"text-editor.default\">\n\t\t\t\t<div class=\"elementor-widget-container\">\n\t\t\t\t\t\t\t<p>50g<\/p>\t\t\t\t\t\t<\/div>\n\t\t\t\t<\/div>\n\t\t\t\t<div class=\"elementor-element elementor-element-03d39f0 elementor-widget elementor-widget-heading\" data-id=\"03d39f0\" data-element_type=\"widget\" data-settings=\"{&quot;ekit_we_effect_on&quot;:&quot;none&quot;}\" data-widget_type=\"heading.default\">\n\t\t\t\t<div class=\"elementor-widget-container\">\n\t\t\t<h4 class=\"elementor-heading-title elementor-size-default\">\u00bfTienes alguna pregunta sobre este producto?<\/h4>\t\t<\/div>\n\t\t\t\t<\/div>\n\t\t\t\t<div class=\"elementor-element elementor-element-20c00e6 elementor-widget elementor-widget-elementskit-button\" data-id=\"20c00e6\" data-element_type=\"widget\" data-settings=\"{&quot;ekit_we_effect_on&quot;:&quot;none&quot;}\" data-widget_type=\"elementskit-button.default\">\n\t\t\t\t<div class=\"elementor-widget-container\">\n\t\t\t<div class=\"ekit-wid-con\" >\t\t<div class=\"ekit-btn-wraper\">\n\t\t\t\t\t\t\t<a href=\"https:\/\/api.whatsapp.com\/send?phone=573124361392&#038;text=Quiero%20saber%20m%C3%A1s%20sobre%20el%20producto%20Agua%20Micelar.\" target=\"_blank\" class=\"elementskit-btn  whitespace--normal\" id=\"\">\n\t\t\t\t\tSaber m\u00e1s \t\t\t\t<\/a>\n\t\t\t\t\t<\/div>\n        <\/div>\t\t<\/div>\n\t\t\t\t<\/div>\n\t\t\t\t<\/div>\n\t\t\t\t\t<\/div>\n\t\t\t\t<\/div>\n\t\t<div class=\"elementor-element elementor-element-39b60ddc e-flex e-con-boxed e-con e-parent\" data-id=\"39b60ddc\" data-element_type=\"container\">\n\t\t\t\t\t<div class=\"e-con-inner\">\n\t\t\t\t<div class=\"elementor-element elementor-element-2b6c0ad7 elementor-grid-4 elementor-grid-tablet-3 elementor-grid-mobile-2 elementor-products-grid elementor-wc-products show-heading-yes elementor-widget elementor-widget-woocommerce-product-related\" data-id=\"2b6c0ad7\" data-element_type=\"widget\" data-settings=\"{&quot;ekit_we_effect_on&quot;:&quot;none&quot;}\" data-widget_type=\"woocommerce-product-related.default\">\n\t\t\t\t<div class=\"elementor-widget-container\">\n\t\t\t<link rel=\"stylesheet\" href=\"https:\/\/phaterxon.com\/wp-content\/plugins\/elementor-pro\/assets\/css\/widget-woocommerce.min.css\">\n\t<section class=\"related products\">\n\n\t\t\t\t\t<h3>Related products<\/h3>\n\t\t\t\t\n\t\t\n<div class=\"products_wrapper mfn-woo-products isotope_wrapper default-woo-loop lm_wrapper\">\n\t<ul class=\"products elementor-grid \">\n\n\t\t\t\n\t\t\t\t\t<li class=\"isotope-item align-center product type-product post-1443 status-publish first instock product_cat-pharma-dream has-post-thumbnail shipping-taxable product-type-simple\" >\n\n\t<div class=\"mfn-li-product-row mfn-li-product-row-image\"><div class=\"image_frame scale-with-grid product-loop-thumb\"><div class=\"image_wrapper \"><a href=\"https:\/\/phaterxon.com\/en\/producto\/contorno-de-ojos\/\" tabindex=\"-1\"><div class=\"mask\"><\/div><img decoding=\"async\" width=\"400\" height=\"400\" src=\"https:\/\/phaterxon.com\/wp-content\/uploads\/2024\/07\/09.png\" class=\"attachment-woocommerce_thumbnail size-woocommerce_thumbnail\" alt=\"\" srcset=\"https:\/\/phaterxon.com\/wp-content\/uploads\/2024\/07\/09.png 400w, https:\/\/phaterxon.com\/wp-content\/uploads\/2024\/07\/09-300x300.png 300w, https:\/\/phaterxon.com\/wp-content\/uploads\/2024\/07\/09-150x150.png 150w, https:\/\/phaterxon.com\/wp-content\/uploads\/2024\/07\/09-75x75.png 75w\" sizes=\"(max-width:767px) 400px, 400px\" \/><\/a><div class=\"image_links\"><a class=\"link\" tabindex=\"-1\" href=\"https:\/\/phaterxon.com\/en\/producto\/contorno-de-ojos\/\"><svg viewBox=\"0 0 26 26\"><defs><style>.path{fill:none;stroke:#333;stroke-miterlimit:10;stroke-width:1.5px;}<\/style><\/defs><g><path d=\"M10.17,8.76l2.12-2.12a5,5,0,0,1,7.07,0h0a5,5,0,0,1,0,7.07l-2.12,2.12\" class=\"path\"\/><path d=\"M15.83,17.24l-2.12,2.12a5,5,0,0,1-7.07,0h0a5,5,0,0,1,0-7.07l2.12-2.12\" class=\"path\"\/><line x1=\"10.17\" y1=\"15.83\" x2=\"15.83\" y2=\"10.17\" class=\"path\"\/><\/g><\/svg><\/a><\/div><\/div><a href=\"https:\/\/phaterxon.com\/en\/producto\/contorno-de-ojos\/\" tabindex=\"-1\"><span class=\"product-loading-icon added-cart\"><\/span><\/a><\/div><\/div>\n\t<div class=\"desc\">\n\n\t\t\n\t\t<h4 class=\"mfn-woo-product-title\"><a href=\"https:\/\/phaterxon.com\/en\/producto\/contorno-de-ojos\/\">Contorno de Ojos<\/a><\/h4>\n\t\t\n<div class=\"mfn-li-product-row mfn-li-product-row-button hide-button\"><\/div>\n\t<\/div>\n\n<\/li>\n\n\t\t\t\n\t\t\t\t\t<li class=\"isotope-item align-center product type-product post-1423 status-publish instock product_cat-pharma-dream has-post-thumbnail shipping-taxable product-type-simple\" >\n\n\t<div class=\"mfn-li-product-row mfn-li-product-row-image\"><div class=\"image_frame scale-with-grid product-loop-thumb\"><div class=\"image_wrapper \"><a href=\"https:\/\/phaterxon.com\/en\/producto\/crema-facial\/\" tabindex=\"-1\"><div class=\"mask\"><\/div><img decoding=\"async\" width=\"400\" height=\"400\" src=\"https:\/\/phaterxon.com\/wp-content\/uploads\/2024\/07\/08.png\" class=\"attachment-woocommerce_thumbnail size-woocommerce_thumbnail\" alt=\"\" srcset=\"https:\/\/phaterxon.com\/wp-content\/uploads\/2024\/07\/08.png 400w, https:\/\/phaterxon.com\/wp-content\/uploads\/2024\/07\/08-300x300.png 300w, https:\/\/phaterxon.com\/wp-content\/uploads\/2024\/07\/08-150x150.png 150w, https:\/\/phaterxon.com\/wp-content\/uploads\/2024\/07\/08-75x75.png 75w\" sizes=\"(max-width:767px) 400px, 400px\" \/><\/a><div class=\"image_links\"><a class=\"link\" tabindex=\"-1\" href=\"https:\/\/phaterxon.com\/en\/producto\/crema-facial\/\"><svg viewBox=\"0 0 26 26\"><defs><style>.path{fill:none;stroke:#333;stroke-miterlimit:10;stroke-width:1.5px;}<\/style><\/defs><g><path d=\"M10.17,8.76l2.12-2.12a5,5,0,0,1,7.07,0h0a5,5,0,0,1,0,7.07l-2.12,2.12\" class=\"path\"\/><path d=\"M15.83,17.24l-2.12,2.12a5,5,0,0,1-7.07,0h0a5,5,0,0,1,0-7.07l2.12-2.12\" class=\"path\"\/><line x1=\"10.17\" y1=\"15.83\" x2=\"15.83\" y2=\"10.17\" class=\"path\"\/><\/g><\/svg><\/a><\/div><\/div><a href=\"https:\/\/phaterxon.com\/en\/producto\/crema-facial\/\" tabindex=\"-1\"><span class=\"product-loading-icon added-cart\"><\/span><\/a><\/div><\/div>\n\t<div class=\"desc\">\n\n\t\t\n\t\t<h4 class=\"mfn-woo-product-title\"><a href=\"https:\/\/phaterxon.com\/en\/producto\/crema-facial\/\">Crema Facial<\/a><\/h4>\n\t\t\n<div class=\"mfn-li-product-row mfn-li-product-row-button hide-button\"><\/div>\n\t<\/div>\n\n<\/li>\n\n\t\t\t\n\t\t\t\t\t<li class=\"isotope-item align-center product type-product post-1412 status-publish last instock product_cat-pharma-dream has-post-thumbnail shipping-taxable product-type-simple\" >\n\n\t<div class=\"mfn-li-product-row mfn-li-product-row-image\"><div class=\"image_frame scale-with-grid product-loop-thumb\"><div class=\"image_wrapper \"><a href=\"https:\/\/phaterxon.com\/en\/producto\/serum-hidratante\/\" tabindex=\"-1\"><div class=\"mask\"><\/div><img loading=\"lazy\" decoding=\"async\" width=\"400\" height=\"400\" src=\"https:\/\/phaterxon.com\/wp-content\/uploads\/2024\/07\/02.png\" class=\"attachment-woocommerce_thumbnail size-woocommerce_thumbnail\" alt=\"\" srcset=\"https:\/\/phaterxon.com\/wp-content\/uploads\/2024\/07\/02.png 400w, https:\/\/phaterxon.com\/wp-content\/uploads\/2024\/07\/02-300x300.png 300w, https:\/\/phaterxon.com\/wp-content\/uploads\/2024\/07\/02-150x150.png 150w, https:\/\/phaterxon.com\/wp-content\/uploads\/2024\/07\/02-75x75.png 75w\" sizes=\"(max-width:767px) 400px, 400px\" \/><\/a><div class=\"image_links\"><a class=\"link\" tabindex=\"-1\" href=\"https:\/\/phaterxon.com\/en\/producto\/serum-hidratante\/\"><svg viewBox=\"0 0 26 26\"><defs><style>.path{fill:none;stroke:#333;stroke-miterlimit:10;stroke-width:1.5px;}<\/style><\/defs><g><path d=\"M10.17,8.76l2.12-2.12a5,5,0,0,1,7.07,0h0a5,5,0,0,1,0,7.07l-2.12,2.12\" class=\"path\"\/><path d=\"M15.83,17.24l-2.12,2.12a5,5,0,0,1-7.07,0h0a5,5,0,0,1,0-7.07l2.12-2.12\" class=\"path\"\/><line x1=\"10.17\" y1=\"15.83\" x2=\"15.83\" y2=\"10.17\" class=\"path\"\/><\/g><\/svg><\/a><\/div><\/div><a href=\"https:\/\/phaterxon.com\/en\/producto\/serum-hidratante\/\" tabindex=\"-1\"><span class=\"product-loading-icon added-cart\"><\/span><\/a><\/div><\/div>\n\t<div class=\"desc\">\n\n\t\t\n\t\t<h4 class=\"mfn-woo-product-title\"><a href=\"https:\/\/phaterxon.com\/en\/producto\/serum-hidratante\/\">Serum Hidratante<\/a><\/h4>\n\t\t\n<div class=\"mfn-li-product-row mfn-li-product-row-button hide-button\"><\/div>\n\t<\/div>\n\n<\/li>\n\n\t\t\t\n\t\t\t\t\t<li class=\"isotope-item align-center product type-product post-1243 status-publish first instock product_cat-pharma-dream has-post-thumbnail shipping-taxable product-type-simple\" >\n\n\t<div class=\"mfn-li-product-row mfn-li-product-row-image\"><div class=\"image_frame scale-with-grid product-loop-thumb\"><div class=\"image_wrapper \"><a href=\"https:\/\/phaterxon.com\/en\/producto\/botox-vegetal\/\" tabindex=\"-1\"><div class=\"mask\"><\/div><img loading=\"lazy\" decoding=\"async\" width=\"400\" height=\"400\" src=\"https:\/\/phaterxon.com\/wp-content\/uploads\/2024\/06\/03.png\" class=\"attachment-woocommerce_thumbnail size-woocommerce_thumbnail\" alt=\"\" srcset=\"https:\/\/phaterxon.com\/wp-content\/uploads\/2024\/06\/03.png 400w, https:\/\/phaterxon.com\/wp-content\/uploads\/2024\/06\/03-300x300.png 300w, https:\/\/phaterxon.com\/wp-content\/uploads\/2024\/06\/03-150x150.png 150w, https:\/\/phaterxon.com\/wp-content\/uploads\/2024\/06\/03-75x75.png 75w\" sizes=\"(max-width:767px) 400px, 400px\" \/><\/a><div class=\"image_links\"><a class=\"link\" tabindex=\"-1\" href=\"https:\/\/phaterxon.com\/en\/producto\/botox-vegetal\/\"><svg viewBox=\"0 0 26 26\"><defs><style>.path{fill:none;stroke:#333;stroke-miterlimit:10;stroke-width:1.5px;}<\/style><\/defs><g><path d=\"M10.17,8.76l2.12-2.12a5,5,0,0,1,7.07,0h0a5,5,0,0,1,0,7.07l-2.12,2.12\" class=\"path\"\/><path d=\"M15.83,17.24l-2.12,2.12a5,5,0,0,1-7.07,0h0a5,5,0,0,1,0-7.07l2.12-2.12\" class=\"path\"\/><line x1=\"10.17\" y1=\"15.83\" x2=\"15.83\" y2=\"10.17\" class=\"path\"\/><\/g><\/svg><\/a><\/div><\/div><a href=\"https:\/\/phaterxon.com\/en\/producto\/botox-vegetal\/\" tabindex=\"-1\"><span class=\"product-loading-icon added-cart\"><\/span><\/a><\/div><\/div>\n\t<div class=\"desc\">\n\n\t\t\n\t\t<h4 class=\"mfn-woo-product-title\"><a href=\"https:\/\/phaterxon.com\/en\/producto\/botox-vegetal\/\">Botox Vegetal<\/a><\/h4>\n\t\t\n<div class=\"mfn-li-product-row mfn-li-product-row-button hide-button\"><\/div>\n\t<\/div>\n\n<\/li>\n\n\t\t\t\n\t\t\n\t<\/ul>\n<\/div>\n\t<\/section>\n\t\t\t<\/div>\n\t\t\t\t<\/div>\n\t\t\t\t\t<\/div>\n\t\t\t\t<\/div>\n\t\t\t\t<\/div>\n\t\t","protected":false},"excerpt":{"rendered":"<p>Regresar Protector Solar El Protector solar SPF 50 ideal para hidratar la piel y protegerla de los da\u00f1os causados por los rayos solares, su f\u00f3rmula con<span class=\"excerpt-hellip\"> [\u2026]<\/span><\/p>\n","protected":false},"featured_media":1434,"comment_status":"open","ping_status":"closed","template":"elementor_header_footer","meta":[],"product_cat":[23],"product_tag":[],"class_list":{"0":"post-1433","1":"product","2":"type-product","3":"status-publish","4":"has-post-thumbnail","6":"product_cat-pharma-dream","8":"","9":"instock","10":"shipping-taxable","11":"product-type-simple"},"_links":{"self":[{"href":"https:\/\/phaterxon.com\/en\/wp-json\/wp\/v2\/product\/1433","targetHints":{"allow":["GET"]}}],"collection":[{"href":"https:\/\/phaterxon.com\/en\/wp-json\/wp\/v2\/product"}],"about":[{"href":"https:\/\/phaterxon.com\/en\/wp-json\/wp\/v2\/types\/product"}],"replies":[{"embeddable":true,"href":"https:\/\/phaterxon.com\/en\/wp-json\/wp\/v2\/comments?post=1433"}],"version-history":[{"count":16,"href":"https:\/\/phaterxon.com\/en\/wp-json\/wp\/v2\/product\/1433\/revisions"}],"predecessor-version":[{"id":2073,"href":"https:\/\/phaterxon.com\/en\/wp-json\/wp\/v2\/product\/1433\/revisions\/2073"}],"wp:featuredmedia":[{"embeddable":true,"href":"https:\/\/phaterxon.com\/en\/wp-json\/wp\/v2\/media\/1434"}],"wp:attachment":[{"href":"https:\/\/phaterxon.com\/en\/wp-json\/wp\/v2\/media?parent=1433"}],"wp:term":[{"taxonomy":"product_cat","embeddable":true,"href":"https:\/\/phaterxon.com\/en\/wp-json\/wp\/v2\/product_cat?post=1433"},{"taxonomy":"product_tag","embeddable":true,"href":"https:\/\/phaterxon.com\/en\/wp-json\/wp\/v2\/product_tag?post=1433"}],"curies":[{"name":"wp","href":"https:\/\/api.w.org\/{rel}","templated":true}]}}